{"id":4848,"date":"2020-04-08T14:18:53","date_gmt":"2020-04-08T12:18:53","guid":{"rendered":"https:\/\/miracardui.com?page_id=4848"},"modified":"2024-08-19T11:07:40","modified_gmt":"2024-08-19T09:07:40","slug":"presse-telechargement","status":"publish","type":"page","link":"https:\/\/miracardui.com\/fr\/presse-telechargement\/","title":{"rendered":"Presse\/Downloads (fr)"},"content":{"rendered":"<h2>PHOTOS DE PRESSE<\/h2>\n<ul>\n<li>\n<p><img decoding=\"async\" src=\"\/wp-content\/uploads\/2020\/06\/mira_cardui_presse_4-scaled.jpg\" alt=\"Mira Cardui mit Gitarre stehend in Farbe\"><\/p>\n<h3>Mira Cardui mit Gitarre stehend in Farbe<\/h3>\n<p><a href=\"\/wp-content\/uploads\/2023\/12\/mira-cardui-gitarre-stehend-farbe-097-2.jpg\">T\u00e9l\u00e9charger HiRes<\/a><\/p>\n<\/li>\n<li>\n<p><img decoding=\"async\" src=\"\/wp-content\/uploads\/2023\/12\/mira-cardui-gitarre-stehend-schwarz-weiss-097-1-scaled.jpg\" alt=\"Mira Cardui mit Gitarre stehend in Schwarz\/Wei\u00df\"><\/p>\n<h3>Mira Cardui mit Gitarre stehend in Schwarz\/Wei\u00df<\/h3>\n<p><a href=\"\/wp-content\/uploads\/2023\/12\/mira-cardui-gitarre-stehend-schwarz-weiss-097-2.jpg\">T\u00e9l\u00e9charger HiRes<\/a><\/p>\n<\/li>\n<li>\n<p><img decoding=\"async\" src=\"\/wp-content\/uploads\/2023\/12\/mira-cardui-gitarre-stehend-farbe-007-1-scaled.jpg\" alt=\"Mira Cardui mit Gitarre stehend\"><\/p>\n<h3>Mira Cardui mit Gitarre stehend<\/h3>\n<p><a href=\"\/wp-content\/uploads\/2023\/12\/mira-cardui-gitarre-stehend-farbe-007-2.jpg\">T\u00e9l\u00e9charger HiRes<\/a><\/p>\n<\/li>\n<li>\n<p><img decoding=\"async\" src=\"\/wp-content\/uploads\/2023\/12\/mira-cardui-gitarre-stehend-schwarz-weiss-007-1-scaled.jpg\" alt=\"Mira Cardui mit Gitarre stehend in Schwarz\/Wei\u00df\"><\/p>\n<h3>Mira Cardui mit Gitarre stehend in Schwarz\/Wei\u00df<\/h3>\n<p><a href=\"\/wp-content\/uploads\/2023\/12\/mira-cardui-gitarre-stehend-schwarz-weiss-007-2.jpg\">T\u00e9l\u00e9charger HiRes<\/a><\/p>\n<\/li>\n<li>\n<p><img decoding=\"async\" src=\"\/wp-content\/uploads\/2023\/12\/mira-cardui-cajon-farbe-012-1-scaled.jpg\" alt=\"Mira Cardui Cajon in Farbe\"><\/p>\n<h3>Mira Cardui Cajon in Farbe<\/h3>\n<p><a href=\"\/wp-content\/uploads\/2023\/12\/mira-cardui-cajon-farbe-012-2.jpg\">T\u00e9l\u00e9charger HiRes<\/a><\/p>\n<\/li>\n<li>\n<p><img decoding=\"async\" src=\"\/wp-content\/uploads\/2023\/12\/mira-cardui-cajon-schwarz-weiss-3_012-1-scaled.jpg\" alt=\"Mira Cardui Cajon in Schwarz\/Wei\u00df\"><\/p>\n<h3>Mira Cardui Cajon in Schwarz\/Wei\u00df<\/h3>\n<p><a href=\"\/wp-content\/uploads\/2023\/12\/mira-cardui-cajon-schwarz-weiss-3_012-2.jpg\">T\u00e9l\u00e9charger HiRes<\/a><\/p>\n<\/li>\n<li>\n<p><img decoding=\"async\" src=\"\/wp-content\/uploads\/2020\/06\/mira-cardui_presse_3_klein.jpg\" alt=\"Mira Cardui Konzert\"><\/p>\n<h3>Mira Cardui Konzert<\/h3>\n<p><a href=\"\/wp-content\/uploads\/2023\/12\/mira-cardui-konzert-farbe-2019-06-Mira-Ausw-063_kleiner.jpg\">T\u00e9l\u00e9charger HiRes<\/a><\/p>\n<\/li>\n<\/ul>\n<ul>\n<li>\n<p><img decoding=\"async\" src=\"\/wp-content\/uploads\/2023\/12\/mira-cardui-gitarre-sitzend-farbe101-1-2048x1469.jpg\" alt=\"Mira Cardui mit Gitarre sitzend in Farbe\"><\/p>\n<h3>Mira Cardui mit Gitarre sitzend in Farbe<\/h3>\n<p><a href=\"\/wp-content\/uploads\/2023\/12\/mira-cardui-gitarre-sitzend-farbe101-2.jpg\">T\u00e9l\u00e9charger HiRes<\/a><\/p>\n<\/li>\n<li>\n<p><img decoding=\"async\" src=\"\/wp-content\/uploads\/2023\/12\/mira-cardui-gitarre-sitzend-schwarz-weiss101-1-2048x1469.jpg\" alt=\"Mira Cardui mit Gitarre sitzend in Schwarz\/Wei\u00df\"><\/p>\n<h3>Mira Cardui mit Gitarre sitzend in Schwarz\/Wei\u00df<\/h3>\n<p><a href=\"\/wp-content\/uploads\/2023\/12\/mira-cardui-gitarre-sitzend-schwarz-weiss101-2.jpg\">T\u00e9l\u00e9charger HiRes<\/a><\/p>\n<\/li>\n<li>\n<p><img decoding=\"async\" src=\"\/wp-content\/uploads\/2023\/12\/mira-cardui-gitarre-liegend-farbe-054-1-2048x1088.jpg\" alt=\"Mira Cardui mit Gitarre liegend in Farbe\"><\/p>\n<h3>Mira Cardui mit Gitarre liegend in Farbe<\/h3>\n<p><a href=\"\/wp-content\/uploads\/2023\/12\/mira-cardui-gitarre-liegend-farbe-054-2.jpg\">T\u00e9l\u00e9charger HiRes<\/a><\/p>\n<\/li>\n<li>\n<p><img decoding=\"async\" src=\"\/wp-content\/uploads\/2023\/12\/mira-cardui-gitarre-liegend-schwarz-weiss-3_054-1-2048x1088.jpg\" alt=\"Mira Cardui mit Gitarre liegend in Schwarz\/Wei\u00df\"><\/p>\n<h3>Mira Cardui mit Gitarre liegend in Schwarz\/Wei\u00df<\/h3>\n<p><a href=\"\/wp-content\/uploads\/2023\/12\/mira-cardui-gitarre-liegend-schwarz-weiss-3_054-2.jpg\">T\u00e9l\u00e9charger HiRes<\/a><\/p>\n<\/li>\n<\/ul>\n<h2>PLAQUES<\/h2>\n<p><img decoding=\"async\" src=\"\/wp-content\/uploads\/2021\/05\/plakat-mira-cardui-din-a2-a3-eindruckflaeche.jpg\" alt=\"\"><\/p>\n<ul>\n<li>\n        <a href=\"\/wp-content\/uploads\/2021\/05\/plakat-mira-cardui-din-a3-eindruckflaeche.pdf\">T\u00e9l\u00e9charger Din A3<\/a>\n    <\/li>\n<li>\n        <a href=\"\/wp-content\/uploads\/2021\/05\/plakat-mira-cardui-din-a2-eindruckflaeche.pdf\">T\u00e9l\u00e9charger Din A2<\/a>\n    <\/li>\n<\/ul>\n<h2>TEXTES DE PRESSE<\/h2>\n<p><img decoding=\"async\" src=\"\/wp-content\/uploads\/2021\/06\/icon-presse-downlaod-solo-mira-cardui.svg\" alt=\"\"><\/p>\n<ul>\n<li>\n        <a href=\"\/wp-content\/uploads\/2023\/12\/MiraCardui_Pressetext_2023_12.pdf\">T\u00e9l\u00e9charger Presse-Text (PDF)<\/a>\n    <\/li>\n<li>\n        <a href=\"\/wp-content\/uploads\/2023\/12\/MiraCardui_Pressetext_2023_12.docx\">T\u00e9l\u00e9charger Presse-Text (Word)<\/a>\n    <\/li>\n<\/ul>\n<h2>RIDERS TECHNIQUE<\/h2>\n<p><img decoding=\"async\" src=\"\/wp-content\/uploads\/2021\/06\/icon-technical-rider-solo-mira-cardui.svg\" alt=\"\"><\/p>\n<p>\n    <a href=\"\/wp-content\/uploads\/2022\/03\/TechnicalRider-Solo-04-2022.pdf\">T\u00e9l\u00e9charger RIDERS TECHNIQUE<\/a>\n<\/p>\n<h2>Logo<\/h2>\n<p><img decoding=\"async\" src=\"\/wp-content\/uploads\/2021\/05\/mira-cardui-logo-schwarz.jpg\" alt=\"\"><\/p>\n<ul>\n<li>\n        <a href=\"\/wp-content\/uploads\/2021\/05\/mira-cardui-logo-schwarz.png\">T\u00e9l\u00e9charger PNG<\/a>\n    <\/li>\n<li>\n        <a href=\"\/wp-content\/uploads\/2021\/05\/mira-cardui-logo-schwarz.svg\">T\u00e9l\u00e9charger SVG<\/a>\n    <\/li>\n<\/ul>\n<p><img decoding=\"async\" src=\"\/wp-content\/uploads\/2021\/05\/mira-cardui-logo-weiss-vorschau.png\" alt=\"\"><\/p>\n<ul>\n<li>\n        <a href=\"\/wp-content\/uploads\/2021\/05\/mira-cardui-logo-weiss.png\">T\u00e9l\u00e9charger PNG<\/a>\n    <\/li>\n<li>\n        <a href=\"\/wp-content\/uploads\/2021\/05\/mira-cardui-logo-weiss.svg\">T\u00e9l\u00e9charger SVG<\/a>\n    <\/li>\n<\/ul>\n<div>\n<p>Inscrivez-vous \u00e0 la newsletter de Mira Cardui<\/p>\n<\/div>\n<p>\n    <a href=\"\/fr\/newsletter\/\">S\u2019inscrire<\/a>\n<\/p>\n<p><!--more--><br \/>\n<!-- {\"type\":\"layout\",\"children\":[{\"type\":\"section\",\"props\":{\"image_effect\":\"fixed\",\"image_position\":\"center-right\",\"image_size\":\"cover\",\"media_overlay\":\"rgba(20, 20, 20, 0.85)\",\"style\":\"secondary\",\"title_breakpoint\":\"xl\",\"title_position\":\"top-left\",\"title_rotation\":\"left\",\"vertical_align\":\"middle\",\"width\":\"default\"},\"children\":[{\"type\":\"row\",\"props\":{\"margin\":\"large\"},\"children\":[{\"type\":\"column\",\"props\":{\"image_position\":\"center-center\",\"position_sticky_breakpoint\":\"m\"},\"children\":[{\"type\":\"headline\",\"props\":{\"content\":\"PHOTOS DE PRESSE\",\"title_decoration\":\"divider\",\"title_element\":\"h2\"}},{\"type\":\"grid\",\"props\":{\"content_column_breakpoint\":\"m\",\"filter_align\":\"left\",\"filter_all\":true,\"filter_grid_breakpoint\":\"m\",\"filter_grid_width\":\"auto\",\"filter_position\":\"top\",\"filter_style\":\"tab\",\"grid_column_gap\":\"large\",\"grid_default\":\"1\",\"grid_medium\":\"4\",\"grid_row_gap\":\"large\",\"icon_width\":80,\"image_align\":\"top\",\"image_grid_breakpoint\":\"m\",\"image_grid_width\":\"1-2\",\"image_height\":\"1200\",\"image_link\":true,\"image_svg_color\":\"emphasis\",\"image_width\":\"800\",\"item_animation\":true,\"link_size\":\"small\",\"link_style\":\"default\",\"link_target\":true,\"link_text\":\"T\\u00e9l\\u00e9charger HiRes\",\"margin\":\"large\",\"meta_align\":\"below-title\",\"meta_element\":\"div\",\"meta_style\":\"text-meta\",\"show_content\":false,\"show_image\":true,\"show_link\":true,\"show_meta\":false,\"show_title\":false,\"title_align\":\"top\",\"title_element\":\"h3\",\"title_grid_breakpoint\":\"m\",\"title_grid_width\":\"1-2\",\"title_hover_style\":\"reset\",\"title_style\":\"text-meta\"},\"children\":[{\"type\":\"grid_item\",\"props\":{\"image\":\"wp-content\\\/uploads\\\/2020\\\/06\\\/mira_cardui_presse_4-scaled.jpg\",\"image_alt\":\"Mira Cardui mit Gitarre stehend in Farbe\",\"link\":\"wp-content\\\/uploads\\\/2023\\\/12\\\/mira-cardui-gitarre-stehend-farbe-097-2.jpg\",\"title\":\"Mira Cardui mit Gitarre stehend in Farbe\"}},{\"type\":\"grid_item\",\"props\":{\"image\":\"wp-content\\\/uploads\\\/2023\\\/12\\\/mira-cardui-gitarre-stehend-schwarz-weiss-097-1-scaled.jpg\",\"image_alt\":\"Mira Cardui mit Gitarre stehend in Schwarz\\\/Wei\\u00df\",\"link\":\"wp-content\\\/uploads\\\/2023\\\/12\\\/mira-cardui-gitarre-stehend-schwarz-weiss-097-2.jpg\",\"title\":\"Mira Cardui mit Gitarre stehend in Schwarz\\\/Wei\\u00df\"}},{\"type\":\"grid_item\",\"props\":{\"image\":\"wp-content\\\/uploads\\\/2023\\\/12\\\/mira-cardui-gitarre-stehend-farbe-007-1-scaled.jpg\",\"image_alt\":\"Mira Cardui mit Gitarre stehend\",\"link\":\"wp-content\\\/uploads\\\/2023\\\/12\\\/mira-cardui-gitarre-stehend-farbe-007-2.jpg\",\"title\":\"Mira Cardui mit Gitarre stehend\"}},{\"type\":\"grid_item\",\"props\":{\"image\":\"wp-content\\\/uploads\\\/2023\\\/12\\\/mira-cardui-gitarre-stehend-schwarz-weiss-007-1-scaled.jpg\",\"image_alt\":\"Mira Cardui mit Gitarre stehend in Schwarz\\\/Wei\\u00df\",\"link\":\"wp-content\\\/uploads\\\/2023\\\/12\\\/mira-cardui-gitarre-stehend-schwarz-weiss-007-2.jpg\",\"title\":\"Mira Cardui mit Gitarre stehend in Schwarz\\\/Wei\\u00df\"}},{\"type\":\"grid_item\",\"props\":{\"image\":\"wp-content\\\/uploads\\\/2023\\\/12\\\/mira-cardui-cajon-farbe-012-1-scaled.jpg\",\"image_alt\":\"Mira Cardui Cajon in Farbe\",\"link\":\"wp-content\\\/uploads\\\/2023\\\/12\\\/mira-cardui-cajon-farbe-012-2.jpg\",\"title\":\"Mira Cardui Cajon in Farbe\"}},{\"type\":\"grid_item\",\"props\":{\"image\":\"wp-content\\\/uploads\\\/2023\\\/12\\\/mira-cardui-cajon-schwarz-weiss-3_012-1-scaled.jpg\",\"image_alt\":\"Mira Cardui Cajon in Schwarz\\\/Wei\\u00df\",\"link\":\"wp-content\\\/uploads\\\/2023\\\/12\\\/mira-cardui-cajon-schwarz-weiss-3_012-2.jpg\",\"title\":\"Mira Cardui Cajon in Schwarz\\\/Wei\\u00df\"}},{\"type\":\"grid_item\",\"props\":{\"image\":\"wp-content\\\/uploads\\\/2020\\\/06\\\/mira-cardui_presse_3_klein.jpg\",\"image_alt\":\"Mira Cardui Konzert\",\"link\":\"wp-content\\\/uploads\\\/2023\\\/12\\\/mira-cardui-konzert-farbe-2019-06-Mira-Ausw-063_kleiner.jpg\",\"title\":\"Mira Cardui Konzert\"}}],\"name\":\"Grid Download Bilder Vertikal\"},{\"type\":\"grid\",\"props\":{\"content_column_breakpoint\":\"m\",\"filter_align\":\"left\",\"filter_all\":true,\"filter_grid_breakpoint\":\"m\",\"filter_grid_width\":\"auto\",\"filter_position\":\"top\",\"filter_style\":\"tab\",\"grid_column_gap\":\"large\",\"grid_default\":\"1\",\"grid_medium\":\"2\",\"grid_row_gap\":\"large\",\"icon_width\":80,\"image_align\":\"top\",\"image_grid_breakpoint\":\"m\",\"image_grid_width\":\"1-2\",\"image_height\":\"800\",\"image_link\":true,\"image_svg_color\":\"emphasis\",\"image_width\":\"1200\",\"item_animation\":true,\"link_size\":\"small\",\"link_style\":\"default\",\"link_target\":true,\"link_text\":\"T\\u00e9l\\u00e9charger HiRes\",\"margin\":\"large\",\"meta_align\":\"below-title\",\"meta_element\":\"div\",\"meta_style\":\"text-meta\",\"show_content\":false,\"show_image\":true,\"show_link\":true,\"show_meta\":false,\"show_title\":false,\"title_align\":\"top\",\"title_element\":\"h3\",\"title_grid_breakpoint\":\"m\",\"title_grid_width\":\"1-2\",\"title_hover_style\":\"reset\",\"title_style\":\"text-meta\"},\"children\":[{\"type\":\"grid_item\",\"props\":{\"image\":\"wp-content\\\/uploads\\\/2023\\\/12\\\/mira-cardui-gitarre-sitzend-farbe101-1-2048x1469.jpg\",\"image_alt\":\"Mira Cardui mit Gitarre sitzend in Farbe\",\"link\":\"wp-content\\\/uploads\\\/2023\\\/12\\\/mira-cardui-gitarre-sitzend-farbe101-2.jpg\",\"title\":\"Mira Cardui mit Gitarre sitzend in Farbe\"}},{\"type\":\"grid_item\",\"props\":{\"image\":\"wp-content\\\/uploads\\\/2023\\\/12\\\/mira-cardui-gitarre-sitzend-schwarz-weiss101-1-2048x1469.jpg\",\"image_alt\":\"Mira Cardui mit Gitarre sitzend in Schwarz\\\/Wei\\u00df\",\"link\":\"wp-content\\\/uploads\\\/2023\\\/12\\\/mira-cardui-gitarre-sitzend-schwarz-weiss101-2.jpg\",\"title\":\"Mira Cardui mit Gitarre sitzend in Schwarz\\\/Wei\\u00df\"}},{\"type\":\"grid_item\",\"props\":{\"image\":\"wp-content\\\/uploads\\\/2023\\\/12\\\/mira-cardui-gitarre-liegend-farbe-054-1-2048x1088.jpg\",\"image_alt\":\"Mira Cardui mit Gitarre liegend in Farbe\",\"link\":\"wp-content\\\/uploads\\\/2023\\\/12\\\/mira-cardui-gitarre-liegend-farbe-054-2.jpg\",\"title\":\"Mira Cardui mit Gitarre liegend in Farbe\"}},{\"type\":\"grid_item\",\"props\":{\"image\":\"wp-content\\\/uploads\\\/2023\\\/12\\\/mira-cardui-gitarre-liegend-schwarz-weiss-3_054-1-2048x1088.jpg\",\"image_alt\":\"Mira Cardui mit Gitarre liegend in Schwarz\\\/Wei\\u00df\",\"link\":\"wp-content\\\/uploads\\\/2023\\\/12\\\/mira-cardui-gitarre-liegend-schwarz-weiss-3_054-2.jpg\",\"title\":\"Mira Cardui mit Gitarre liegend in Schwarz\\\/Wei\\u00df\"}}],\"name\":\"Grid Download Bilder Horizontal\"}]}]},{\"type\":\"row\",\"props\":{\"margin\":\"large\"},\"children\":[{\"type\":\"column\",\"props\":{\"image_position\":\"center-center\",\"position_sticky_breakpoint\":\"m\"},\"children\":[{\"type\":\"headline\",\"props\":{\"content\":\"PLAQUES\",\"title_decoration\":\"divider\",\"title_element\":\"h2\"}}]}]},{\"type\":\"row\",\"props\":{\"layout\":\"1-4,1-4,1-4,1-4|1-2,1-2,1-2,1-2\",\"margin\":\"large\",\"margin_remove_top\":true},\"children\":[{\"type\":\"column\",\"props\":{\"image_position\":\"center-center\",\"position_sticky_breakpoint\":\"m\",\"width_medium\":\"1-4\",\"width_small\":\"1-2\"},\"children\":[{\"type\":\"image\",\"props\":{\"image\":\"wp-content\\\/uploads\\\/2021\\\/05\\\/plakat-mira-cardui-din-a2-a3-eindruckflaeche.jpg\",\"image_svg_color\":\"emphasis\",\"margin\":\"default\"}},{\"type\":\"button\",\"props\":{\"button_size\":\"small\",\"grid_column_gap\":\"small\",\"grid_row_gap\":\"small\",\"margin\":\"default\"},\"children\":[{\"type\":\"button_item\",\"props\":{\"button_style\":\"default\",\"content\":\"T\\u00e9l\\u00e9charger Din A3\",\"icon_align\":\"left\",\"link\":\"wp-content\\\/uploads\\\/2021\\\/05\\\/plakat-mira-cardui-din-a3-eindruckflaeche.pdf\",\"link_target\":\"blank\"}},{\"type\":\"button_item\",\"props\":{\"button_style\":\"default\",\"content\":\"T\\u00e9l\\u00e9charger Din A2\",\"icon_align\":\"left\",\"link\":\"wp-content\\\/uploads\\\/2021\\\/05\\\/plakat-mira-cardui-din-a2-eindruckflaeche.pdf\",\"link_target\":\"blank\"}}]}]},{\"type\":\"column\",\"props\":{\"image_position\":\"center-center\",\"position_sticky_breakpoint\":\"m\",\"width_medium\":\"1-4\",\"width_small\":\"1-2\"}},{\"type\":\"column\",\"props\":{\"image_position\":\"center-center\",\"position_sticky_breakpoint\":\"m\",\"width_medium\":\"1-4\",\"width_small\":\"1-2\"}},{\"type\":\"column\",\"props\":{\"image_position\":\"center-center\",\"position_sticky_breakpoint\":\"m\",\"width_medium\":\"1-4\",\"width_small\":\"1-2\"}}]},{\"type\":\"row\",\"props\":{\"margin\":\"large\"},\"children\":[{\"type\":\"column\",\"props\":{\"image_position\":\"center-center\",\"position_sticky_breakpoint\":\"m\"},\"children\":[{\"type\":\"headline\",\"props\":{\"content\":\"TEXTES DE PRESSE\",\"title_decoration\":\"divider\",\"title_element\":\"h2\"}}]}]},{\"type\":\"row\",\"props\":{\"layout\":\"1-4,1-4,1-4,1-4|1-2,1-2,1-2,1-2\",\"margin\":\"large\",\"margin_remove_top\":true},\"children\":[{\"type\":\"column\",\"props\":{\"image_position\":\"center-center\",\"position_sticky_breakpoint\":\"m\",\"width_medium\":\"1-4\",\"width_small\":\"1-2\"},\"children\":[{\"type\":\"image\",\"props\":{\"image\":\"wp-content\\\/uploads\\\/2021\\\/06\\\/icon-presse-downlaod-solo-mira-cardui.svg\",\"image_svg_color\":\"emphasis\",\"margin\":\"default\"}},{\"type\":\"button\",\"props\":{\"button_size\":\"small\",\"grid_column_gap\":\"small\",\"grid_row_gap\":\"small\",\"margin\":\"default\"},\"children\":[{\"type\":\"button_item\",\"props\":{\"button_style\":\"default\",\"content\":\"T\\u00e9l\\u00e9charger Presse-Text (PDF)\",\"icon\":\"file-pdf\",\"icon_align\":\"left\",\"link\":\"wp-content\\\/uploads\\\/2023\\\/12\\\/MiraCardui_Pressetext_2023_12.pdf\",\"link_target\":\"blank\"}},{\"type\":\"button_item\",\"props\":{\"button_style\":\"default\",\"content\":\"T\\u00e9l\\u00e9charger Presse-Text (Word)\",\"icon\":\"file-text\",\"icon_align\":\"left\",\"link\":\"wp-content\\\/uploads\\\/2023\\\/12\\\/MiraCardui_Pressetext_2023_12.docx\",\"link_target\":\"blank\"}}]}]},{\"type\":\"column\",\"props\":{\"image_position\":\"center-center\",\"position_sticky_breakpoint\":\"m\",\"width_medium\":\"1-4\",\"width_small\":\"1-2\"}},{\"type\":\"column\",\"props\":{\"image_position\":\"center-center\",\"position_sticky_breakpoint\":\"m\",\"width_medium\":\"1-4\",\"width_small\":\"1-2\"}},{\"type\":\"column\",\"props\":{\"image_position\":\"center-center\",\"position_sticky_breakpoint\":\"m\",\"width_medium\":\"1-4\",\"width_small\":\"1-2\"}}]},{\"type\":\"row\",\"props\":{\"margin\":\"large\"},\"children\":[{\"type\":\"column\",\"props\":{\"image_position\":\"center-center\",\"position_sticky_breakpoint\":\"m\"},\"children\":[{\"type\":\"headline\",\"props\":{\"content\":\"RIDERS TECHNIQUE\",\"title_decoration\":\"divider\",\"title_element\":\"h2\"}}]}]},{\"type\":\"row\",\"props\":{\"layout\":\"1-4,1-4,1-4,1-4|1-2,1-2,1-2,1-2\",\"margin\":\"large\",\"margin_remove_top\":true},\"children\":[{\"type\":\"column\",\"props\":{\"image_position\":\"center-center\",\"position_sticky_breakpoint\":\"m\",\"width_medium\":\"1-4\",\"width_small\":\"1-2\"},\"children\":[{\"type\":\"image\",\"props\":{\"image\":\"wp-content\\\/uploads\\\/2021\\\/06\\\/icon-technical-rider-solo-mira-cardui.svg\",\"image_svg_color\":\"emphasis\",\"margin\":\"default\"}},{\"type\":\"button\",\"props\":{\"button_size\":\"small\",\"grid_column_gap\":\"small\",\"grid_row_gap\":\"small\",\"margin\":\"default\"},\"children\":[{\"type\":\"button_item\",\"props\":{\"button_style\":\"default\",\"content\":\"T\\u00e9l\\u00e9charger RIDERS TECHNIQUE\",\"icon\":\"file-pdf\",\"icon_align\":\"left\",\"link\":\"wp-content\\\/uploads\\\/2022\\\/03\\\/TechnicalRider-Solo-04-2022.pdf\",\"link_target\":\"blank\"}}]}]},{\"type\":\"column\",\"props\":{\"image_position\":\"center-center\",\"position_sticky_breakpoint\":\"m\",\"width_medium\":\"1-4\",\"width_small\":\"1-2\"}},{\"type\":\"column\",\"props\":{\"image_position\":\"center-center\",\"position_sticky_breakpoint\":\"m\",\"width_medium\":\"1-4\",\"width_small\":\"1-2\"}},{\"type\":\"column\",\"props\":{\"image_position\":\"center-center\",\"position_sticky_breakpoint\":\"m\",\"width_medium\":\"1-4\",\"width_small\":\"1-2\"}}]},{\"type\":\"row\",\"props\":{\"margin\":\"large\"},\"children\":[{\"type\":\"column\",\"props\":{\"image_position\":\"center-center\",\"position_sticky_breakpoint\":\"m\"},\"children\":[{\"type\":\"headline\",\"props\":{\"content\":\"Logo\",\"title_decoration\":\"divider\",\"title_element\":\"h2\"}}]}]},{\"type\":\"row\",\"props\":{\"layout\":\"1-4,1-4,1-4,1-4|1-2,1-2,1-2,1-2\",\"margin\":\"large\",\"margin_remove_top\":true},\"children\":[{\"type\":\"column\",\"props\":{\"image_position\":\"center-center\",\"position_sticky_breakpoint\":\"m\",\"width_medium\":\"1-4\",\"width_small\":\"1-2\"},\"children\":[{\"type\":\"image\",\"props\":{\"image\":\"wp-content\\\/uploads\\\/2021\\\/05\\\/mira-cardui-logo-schwarz.jpg\",\"image_svg_color\":\"emphasis\",\"margin\":\"default\"}},{\"type\":\"button\",\"props\":{\"button_size\":\"small\",\"grid_column_gap\":\"small\",\"grid_row_gap\":\"small\",\"margin\":\"default\"},\"children\":[{\"type\":\"button_item\",\"props\":{\"button_style\":\"default\",\"content\":\"T\\u00e9l\\u00e9charger PNG\",\"icon\":\"\",\"icon_align\":\"left\",\"link\":\"wp-content\\\/uploads\\\/2021\\\/05\\\/mira-cardui-logo-schwarz.png\",\"link_target\":\"blank\"}},{\"type\":\"button_item\",\"props\":{\"button_style\":\"default\",\"content\":\"T\\u00e9l\\u00e9charger SVG\",\"icon\":\"\",\"icon_align\":\"left\",\"link\":\"wp-content\\\/uploads\\\/2021\\\/05\\\/mira-cardui-logo-schwarz.svg\",\"link_target\":\"blank\"}}]}]},{\"type\":\"column\",\"props\":{\"image_position\":\"center-center\",\"position_sticky_breakpoint\":\"m\",\"width_medium\":\"1-4\",\"width_small\":\"1-2\"},\"children\":[{\"type\":\"image\",\"props\":{\"image\":\"wp-content\\\/uploads\\\/2021\\\/05\\\/mira-cardui-logo-weiss-vorschau.png\",\"image_svg_color\":\"emphasis\",\"margin\":\"default\"}},{\"type\":\"button\",\"props\":{\"button_size\":\"small\",\"grid_column_gap\":\"small\",\"grid_row_gap\":\"small\",\"margin\":\"default\"},\"children\":[{\"type\":\"button_item\",\"props\":{\"button_style\":\"default\",\"content\":\"T\\u00e9l\\u00e9charger PNG\",\"icon\":\"\",\"icon_align\":\"left\",\"link\":\"wp-content\\\/uploads\\\/2021\\\/05\\\/mira-cardui-logo-weiss.png\",\"link_target\":\"blank\"}},{\"type\":\"button_item\",\"props\":{\"button_style\":\"default\",\"content\":\"T\\u00e9l\\u00e9charger SVG\",\"icon\":\"\",\"icon_align\":\"left\",\"link\":\"wp-content\\\/uploads\\\/2021\\\/05\\\/mira-cardui-logo-weiss.svg\",\"link_target\":\"blank\"}}]}]},{\"type\":\"column\",\"props\":{\"image_position\":\"center-center\",\"position_sticky_breakpoint\":\"m\",\"width_medium\":\"1-4\",\"width_small\":\"1-2\"}},{\"type\":\"column\",\"props\":{\"image_position\":\"center-center\",\"position_sticky_breakpoint\":\"m\",\"width_medium\":\"1-4\",\"width_small\":\"1-2\"}}]},{\"type\":\"row\",\"children\":[{\"type\":\"column\",\"props\":{\"image_position\":\"center-center\",\"position_sticky_breakpoint\":\"m\"},\"children\":[{\"type\":\"text\",\"props\":{\"column_breakpoint\":\"m\",\"content\":\"\n\n<p>Inscrivez-vous \\u00e0 la newsletter de Mira Cardui<\\\/p>\",\"margin\":\"default\",\"text_align\":\"center\"}},{\"type\":\"button\",\"props\":{\"block_align\":\"center\",\"grid_column_gap\":\"small\",\"grid_row_gap\":\"small\",\"margin\":\"medium\",\"maxwidth\":\"2xlarge\",\"text_align\":\"center\"},\"children\":[{\"type\":\"button_item\",\"props\":{\"button_style\":\"default\",\"content\":\"S\\u2019inscrire\",\"icon_align\":\"left\",\"link\":\"fr\\\/newsletter\\\/\"}}]}]}],\"props\":{\"margin\":\"xlarge\"}}]}],\"version\":\"4.4.7\"} --><\/p>\n","protected":false},"excerpt":{"rendered":"<p>PHOTOS DE PRESSE Mira Cardui mit Gitarre stehend in Farbe T\u00e9l\u00e9charger HiRes Mira Cardui mit Gitarre stehend in Schwarz\/Wei\u00df T\u00e9l\u00e9charger HiRes Mira Cardui mit Gitarre stehend T\u00e9l\u00e9charger HiRes Mira Cardui mit Gitarre stehend in Schwarz\/Wei\u00df T\u00e9l\u00e9charger HiRes Mira Cardui Cajon in Farbe T\u00e9l\u00e9charger HiRes Mira Cardui Cajon in Schwarz\/Wei\u00df T\u00e9l\u00e9charger HiRes Mira Cardui Konzert T\u00e9l\u00e9charger [&hellip;]<\/p>\n","protected":false},"author":3,"featured_media":0,"parent":0,"menu_order":0,"comment_status":"closed","ping_status":"closed","template":"","meta":{"_acf_changed":false,"footnotes":""},"class_list":["post-4848","page","type-page","status-publish","hentry"],"acf":[],"_links":{"self":[{"href":"https:\/\/miracardui.com\/fr\/wp-json\/wp\/v2\/pages\/4848","targetHints":{"allow":["GET"]}}],"collection":[{"href":"https:\/\/miracardui.com\/fr\/wp-json\/wp\/v2\/pages"}],"about":[{"href":"https:\/\/miracardui.com\/fr\/wp-json\/wp\/v2\/types\/page"}],"author":[{"embeddable":true,"href":"https:\/\/miracardui.com\/fr\/wp-json\/wp\/v2\/users\/3"}],"replies":[{"embeddable":true,"href":"https:\/\/miracardui.com\/fr\/wp-json\/wp\/v2\/comments?post=4848"}],"version-history":[{"count":0,"href":"https:\/\/miracardui.com\/fr\/wp-json\/wp\/v2\/pages\/4848\/revisions"}],"wp:attachment":[{"href":"https:\/\/miracardui.com\/fr\/wp-json\/wp\/v2\/media?parent=4848"}],"curies":[{"name":"wp","href":"https:\/\/api.w.org\/{rel}","templated":true}]}}