{"id":4843,"date":"2020-06-05T08:13:16","date_gmt":"2020-06-05T06:13:16","guid":{"rendered":"https:\/\/miracardui.com?page_id=4843"},"modified":"2024-08-19T11:06:04","modified_gmt":"2024-08-19T09:06:04","slug":"mira","status":"publish","type":"page","link":"https:\/\/miracardui.com\/fr\/mira\/","title":{"rendered":"Mira (fr)"},"content":{"rendered":"<p><img decoding=\"async\" src=\"\/wp-content\/uploads\/2016\/09\/mira_foto_18-431x600.jpg\" alt=\"\"><\/p>\n<div>\n<p>La musique a toujours jou\u00e9 un grand r\u00f4le dans la vie de Mira: D\u2019abord le violon, puis le chant et pour finir la guitare, instrument d\u2019accompagnement id\u00e9al.<\/p>\n<p>Mira a \u00e9tudi\u00e9 le chant diphonique, le chant classique et jazz aupr\u00e8s de Claudia Matussek, Max Neissendorfer, Philipp Weiss et Samira Saygili, et la guitare aupr\u00e8s de Stephan Kramer.<\/p>\n<p>En outre, Mira a fait des \u00e9tudes de jazz au Centre de musique de Munich (Freies Musikzentrum M\u00fcnchen). C\u2019est \u00e9galement l\u00e0 qu\u2019elle obtint le dipl\u00f4me de professeur de rythme (House of Rhythm), formation conduite par Rudolf Roth et Charly B\u00f6ck qui lui permit d\u2019\u00e9largir ses comp\u00e9tences sur les rythmes d\u2019Afrique de l\u2019ouest pr\u00e9alablement obtenues \u00e0 la University of Ghana.<\/p>\n<p>Mira pr\u00e9sente son programme solo et se produit sur diverses sc\u00e8nes publiques et priv\u00e9es, festivals et clubs de jazz. On peut \u00e9galement l\u2019entendre aux c\u00f4t\u00e9s de musiciens renomm\u00e9s tels que Stephan Kramer, John Burton et Gary Todd.<\/p>\n<\/div>\n<div>\n<p>Jetzt zum Mira Cardui Newsletter anmelden<\/p>\n<\/div>\n<p>\n    <a href=\"\/newsletter\/\">Newsletter abbonnieren<\/a>\n<\/p>\n<p><!--more--><br \/>\n<!-- {\"type\":\"layout\",\"children\":[{\"type\":\"section\",\"props\":{\"id\":\"profil\",\"image_position\":\"center-center\",\"style\":\"default\",\"title_breakpoint\":\"xl\",\"title_position\":\"top-left\",\"title_rotation\":\"left\",\"vertical_align\":\"middle\",\"width\":\"default\"},\"children\":[{\"type\":\"row\",\"children\":[{\"type\":\"column\",\"props\":{\"image_position\":\"center-center\",\"position_sticky_breakpoint\":\"m\",\"width_medium\":\"2-5\"},\"children\":[{\"type\":\"image\",\"props\":{\"image\":\"wp-content\\\/uploads\\\/2016\\\/09\\\/mira_foto_18-431x600.jpg\",\"image_svg_color\":\"emphasis\",\"margin\":\"default\"}}]},{\"type\":\"column\",\"props\":{\"image_position\":\"center-center\",\"position_sticky_breakpoint\":\"m\",\"width_medium\":\"3-5\"},\"children\":[{\"type\":\"text\",\"props\":{\"column_breakpoint\":\"m\",\"content\":\"\n\n<p>La musique a toujours jou\\u00e9 un grand r\\u00f4le dans la vie de Mira: D\\u2019abord le violon, puis le chant et pour finir la guitare, instrument d\\u2019accompagnement id\\u00e9al.<\\\/p>\\n\n\n<p>Mira a \\u00e9tudi\\u00e9 le chant diphonique, le chant classique et jazz aupr\\u00e8s de Claudia Matussek, Max Neissendorfer, Philipp Weiss et Samira Saygili, et la guitare aupr\\u00e8s de Stephan Kramer.<\\\/p>\\n\n\n<p>En outre, Mira a fait des \\u00e9tudes de jazz au Centre de musique de Munich (Freies Musikzentrum M\\u00fcnchen). C\\u2019est \\u00e9galement l\\u00e0 qu\\u2019elle obtint le dipl\\u00f4me de professeur de rythme (House of Rhythm), formation conduite par Rudolf Roth et Charly B\\u00f6ck qui lui permit d\\u2019\\u00e9largir ses comp\\u00e9tences sur les rythmes d\\u2019Afrique de l\\u2019ouest pr\\u00e9alablement obtenues \\u00e0 la University of Ghana.<\\\/p>\\n\n\n<p>Mira pr\\u00e9sente son programme solo et se produit sur diverses sc\\u00e8nes publiques et priv\\u00e9es, festivals et clubs de jazz. On peut \\u00e9galement l\\u2019entendre aux c\\u00f4t\\u00e9s de musiciens renomm\\u00e9s tels que Stephan Kramer, John Burton et Gary Todd.<\\\/p>\",\"dropcap\":false,\"margin\":\"default\"}}]}],\"props\":{\"layout\":\"2-5,3-5\"}}]},{\"type\":\"section\",\"props\":{\"image_position\":\"center-center\",\"style\":\"secondary\",\"title_breakpoint\":\"xl\",\"title_position\":\"top-left\",\"title_rotation\":\"left\",\"vertical_align\":\"middle\",\"width\":\"default\"},\"children\":[{\"type\":\"row\",\"children\":[{\"type\":\"column\",\"props\":{\"image_position\":\"center-center\",\"position_sticky_breakpoint\":\"m\"},\"children\":[{\"type\":\"text\",\"props\":{\"column_breakpoint\":\"m\",\"content\":\"\n\n<p>Jetzt zum Mira Cardui Newsletter anmelden<\\\/p>\",\"margin\":\"default\",\"text_align\":\"center\"}},{\"type\":\"button\",\"props\":{\"block_align\":\"center\",\"grid_column_gap\":\"small\",\"grid_row_gap\":\"small\",\"margin\":\"medium\",\"maxwidth\":\"2xlarge\",\"text_align\":\"center\"},\"children\":[{\"type\":\"button_item\",\"props\":{\"button_style\":\"default\",\"content\":\"Newsletter abbonnieren\",\"icon_align\":\"left\",\"link\":\"newsletter\\\/\"}}]}]}]}]}],\"version\":\"4.4.7\"} --><\/p>\n","protected":false},"excerpt":{"rendered":"<p>La musique a toujours jou\u00e9 un grand r\u00f4le dans la vie de Mira: D\u2019abord le violon, puis le chant et pour finir la guitare, instrument d\u2019accompagnement id\u00e9al. Mira a \u00e9tudi\u00e9 le chant diphonique, le chant classique et jazz aupr\u00e8s de Claudia Matussek, Max Neissendorfer, Philipp Weiss et Samira Saygili, et la guitare aupr\u00e8s de Stephan [&hellip;]<\/p>\n","protected":false},"author":3,"featured_media":0,"parent":0,"menu_order":0,"comment_status":"closed","ping_status":"closed","template":"","meta":{"_acf_changed":false,"footnotes":""},"class_list":["post-4843","page","type-page","status-publish","hentry"],"acf":[],"_links":{"self":[{"href":"https:\/\/miracardui.com\/fr\/wp-json\/wp\/v2\/pages\/4843","targetHints":{"allow":["GET"]}}],"collection":[{"href":"https:\/\/miracardui.com\/fr\/wp-json\/wp\/v2\/pages"}],"about":[{"href":"https:\/\/miracardui.com\/fr\/wp-json\/wp\/v2\/types\/page"}],"author":[{"embeddable":true,"href":"https:\/\/miracardui.com\/fr\/wp-json\/wp\/v2\/users\/3"}],"replies":[{"embeddable":true,"href":"https:\/\/miracardui.com\/fr\/wp-json\/wp\/v2\/comments?post=4843"}],"version-history":[{"count":0,"href":"https:\/\/miracardui.com\/fr\/wp-json\/wp\/v2\/pages\/4843\/revisions"}],"wp:attachment":[{"href":"https:\/\/miracardui.com\/fr\/wp-json\/wp\/v2\/media?parent=4843"}],"curies":[{"name":"wp","href":"https:\/\/api.w.org\/{rel}","templated":true}]}}