{"id":4831,"date":"2021-01-11T17:12:05","date_gmt":"2021-01-11T16:12:05","guid":{"rendered":"https:\/\/miracardui.com?page_id=4831"},"modified":"2024-08-15T14:19:18","modified_gmt":"2024-08-15T12:19:18","slug":"newsletter","status":"publish","type":"page","link":"https:\/\/miracardui.com\/fr\/newsletter\/","title":{"rendered":"Newsletter (fr)"},"content":{"rendered":"<h2>Mira Cardui Newsletter<\/h2>\n<div>Dans la newsletter personnelle de Mira, tu recevras des informations sur la nouvelle musique, les concerts \u00e0 venir et des contenus exclusifs directement dans ta bo\u00eete de r\u00e9ception. Inscrivez-vous maintenant!<\/div>\n<div><!-- Begin Mailchimp Signup Form --><\/p>\n<p><style type=\"text\/css\">\n\t#mc_embed_signup{background:transparent; clear:left; font:14px 'Open Sans', sans-serif;}\n\t\/* Add your own Mailchimp form style overrides in your site stylesheet or in this style block.\n\t   We recommend moving this block and the preceding CSS link to the HEAD of your HTML file. *\/\n<\/style>\n<style type=\"text\/css\">\n\t#mc-embedded-subscribe-form input[type=checkbox]{display: inline; width: auto;margin-right: 10px;}\n\t#mergeRow-gdpr {margin-top: 20px;}\n\t#mergeRow-gdpr fieldset label {font-weight: normal;}\n\t#mc-embedded-subscribe-form .mc_fieldset{border:none;min-height: 0px;padding-bottom:0px;}\n<\/style>\n<\/p>\n<div id=\"mc_embed_signup\">\n<form action=\"https:\/\/miracardui.us7.list-manage.com\/subscribe\/post?u=5765d2ada31f0f1d0af17600f&amp;id=a49379619b\" method=\"post\" id=\"mc-embedded-subscribe-form\" name=\"mc-embedded-subscribe-form\" class=\"validate\" target=\"_blank\" novalidate=\"\">\n<div id=\"mc_embed_signup_scroll\">\n<div class=\"indicates-required\"><span class=\"asterisk\">*<\/span> Informations requises<\/div>\n<div class=\"mc-field-group\"><label for=\"mce-VORNAME\">Pr\u00e9nom <span class=\"asterisk\">*<\/span> <\/label> <input class=\"uk-input\" type=\"text\" value=\"\" name=\"VORNAME\" id=\"mce-VORNAME\" \/><\/div>\n<div class=\"mc-field-group\"><label for=\"mce-NACHNAME\">Nom de famille <span class=\"asterisk\">*<\/span> <\/label> <input class=\"uk-input\" type=\"text\" value=\"\" name=\"NACHNAME\" id=\"mce-NACHNAME\" \/><\/div>\n<div class=\"mc-field-group\"><label for=\"mce-EMAIL\">E-Mail <span class=\"asterisk\">*<\/span> <\/label> <input class=\"uk-input\" type=\"email\" value=\"\" name=\"EMAIL\" id=\"mce-EMAIL\" \/><\/div>\n<div id=\"mergeRow-gdpr\" class=\"mergeRow gdpr-mergeRow content__gdprBlock mc-field-group\">\n<div class=\"content__gdpr\">\n<h3>D\u00e9claration de consentement<\/h3>\n<p>Veuillez v\u00e9rifier ici que nous pouvons vous envoyer des e-mails et cliquez sur le bouton d&rsquo;inscription ci-dessous.<\/p>\n<fieldset class=\"mc_fieldset gdprRequired mc-field-group\" name=\"interestgroup_field\"><label class=\"checkbox subfield\" for=\"gdpr_51281\"><input type=\"checkbox\" id=\"gdpr_51281\" name=\"gdpr[51281]\" value=\"Y\" class=\"av-checkbox gdpr\" \/><span>Oui, j&rsquo;attends la newsletter avec impatience<\/span> <\/label><\/fieldset>\n<p>Vous pourrez vous d\u00e9sinscrire de la newsletter \u00e0 tout moment ult\u00e9rieurement en cliquant sur le lien de d\u00e9sinscription que vous trouverez dans chacun de mes emails. Toutes vos donn\u00e9es seront trait\u00e9es avec soin et respect. De plus amples informations peuvent \u00eatre trouv\u00e9es dans ma <a href=\"https:\/\/datenschutz\/\">politique de confidentialit\u00e9.<\/a><\/p>\n<\/div>\n<div class=\"content__gdprLegal\">\n<p>Nous utilisons Mailchimp comme plateforme marketing. En cliquant ci-dessous pour vous inscrire, vous reconnaissez que vos informations seront transf\u00e9r\u00e9es \u00e0 Mailchimp pour traitement. <a href=\"https:\/\/mailchimp.com\/legal\/\" target=\"_blank\" rel=\"noopener\">Apprenez-en davantage sur les pratiques de confidentialit\u00e9 de Mailchimp ici.<\/a><\/p>\n<\/div>\n<\/div>\n<div id=\"mce-responses\" class=\"clear\">\n<div class=\"response\" id=\"mce-error-response\" style=\"display: none;\"><\/div>\n<div class=\"response\" id=\"mce-success-response\" style=\"display: none;\"><\/div>\n<\/div>\n<p><!-- real people should not fill this in and expect good things - do not remove this or risk form bot signups--><\/p>\n<div style=\"position: absolute; left: -5000px;\" aria-hidden=\"true\"><input type=\"text\" name=\"b_5765d2ada31f0f1d0af17600f_a49379619b\" value=\"\" tabindex=\"-1\" \/><\/div>\n<div class=\"clear\"><input type=\"submit\" value=\"Registre\" name=\"subscribe\" id=\"mc-embedded-subscribe\" class=\"uk-button uk-button-default\" \/><\/div>\n<\/div>\n<\/form>\n<\/div>\n<p><script type='text\/javascript' src='\/\/s3.amazonaws.com\/downloads.mailchimp.com\/js\/mc-validate.js'><\/script><script type='text\/javascript'>(function($) {window.fnames = new Array(); window.ftypes = new Array();fnames[1]='VORNAME';ftypes[1]='text';fnames[2]='NACHNAME';ftypes[2]='text';fnames[0]='EMAIL';ftypes[0]='email'; \/*\n * Translated default messages for the $ validation plugin.\n * Locale: DE\n *\/\n$.extend($.validator.messages, {\n\trequired: \"Dieses Feld ist ein Pflichtfeld.\",\n\tmaxlength: $.validator.format(\"Geben Sie bitte maximal {0} Zeichen ein.\"),\n\tminlength: $.validator.format(\"Geben Sie bitte mindestens {0} Zeichen ein.\"),\n\trangelength: $.validator.format(\"Geben Sie bitte mindestens {0} und maximal {1} Zeichen ein.\"),\n\temail: \"Geben Sie bitte eine g\u00fcltige E-Mail Adresse ein.\",\n\turl: \"Geben Sie bitte eine g\u00fcltige URL ein.\",\n\tdate: \"Bitte geben Sie ein g\u00fcltiges Datum ein.\",\n\tnumber: \"Geben Sie bitte eine Nummer ein.\",\n\tdigits: \"Geben Sie bitte nur Ziffern ein.\",\n\tequalTo: \"Bitte denselben Wert wiederholen.\",\n\trange: $.validator.format(\"Geben Sie bitten einen Wert zwischen {0} und {1}.\"),\n\tmax: $.validator.format(\"Geben Sie bitte einen Wert kleiner oder gleich {0} ein.\"),\n\tmin: $.validator.format(\"Geben Sie bitte einen Wert gr\u00f6\u00dfer oder gleich {0} ein.\"),\n\tcreditcard: \"Geben Sie bitte ein g\u00fcltige Kreditkarten-Nummer ein.\"\n});}(jQuery));var $mcj = jQuery.noConflict(true);<\/script><\/p>\n<p><!--End mc_embed_signup--><\/div>\n<p><!--more--><br \/>\n<!-- {\"type\":\"layout\",\"children\":[{\"type\":\"section\",\"props\":{\"image\":\"wp-content\\\/uploads\\\/2016\\\/09\\\/mira_foto_13.jpg\",\"image_effect\":\"fixed\",\"image_position\":\"center-right\",\"image_size\":\"cover\",\"media_overlay\":\"rgba(20, 20, 20, 0.85)\",\"style\":\"primary\",\"title_breakpoint\":\"xl\",\"title_position\":\"top-left\",\"title_rotation\":\"left\",\"vertical_align\":\"middle\",\"width\":\"default\"},\"children\":[{\"type\":\"row\",\"children\":[{\"type\":\"column\",\"props\":{\"image_position\":\"center-center\",\"position_sticky_breakpoint\":\"m\"},\"children\":[{\"type\":\"headline\",\"props\":{\"content\":\"Mira Cardui Newsletter\",\"text_align\":\"center\",\"title_element\":\"h2\"}},{\"type\":\"text\",\"props\":{\"block_align\":\"center\",\"column_breakpoint\":\"m\",\"content\":\"Dans la newsletter personnelle de Mira, tu recevras des informations sur la nouvelle musique, les concerts \\u00e0 venir et des contenus exclusifs directement dans ta bo\\u00eete de r\\u00e9ception. Inscrivez-vous maintenant!\",\"margin\":\"default\",\"maxwidth\":\"2xlarge\",\"text_align\":\"center\"}},{\"type\":\"text\",\"props\":{\"block_align\":\"center\",\"column_breakpoint\":\"m\",\"content\":\"<!-- Begin Mailchimp Signup Form -->\\n<\/p>\n<p><style type=\\\"text\\\/css\\\">\\n\\t#mc_embed_signup{background:transparent; clear:left; font:14px 'Open Sans', sans-serif;}\\n\\t\\\/* Add your own Mailchimp form style overrides in your site stylesheet or in this style block.\\n\\t   We recommend moving this block and the preceding CSS link to the HEAD of your HTML file. *\\\/\\n<\\\/style> <\/p>\n<style type=\\\"text\\\/css\\\">\\n\\t#mc-embedded-subscribe-form input[type=checkbox]{display: inline; width: auto;margin-right: 10px;}\\n\\t#mergeRow-gdpr {margin-top: 20px;}\\n\\t#mergeRow-gdpr fieldset label {font-weight: normal;}\\n\\t#mc-embedded-subscribe-form .mc_fieldset{border:none;min-height: 0px;padding-bottom:0px;}\\n<\\\/style><\\\/p>\\n<\/p>\n<div id=\\\"mc_embed_signup\\\">\n<form action=\\\"https:\\\/\\\/miracardui.us7.list-manage.com\\\/subscribe\\\/post?u=5765d2ada31f0f1d0af17600f&amp;id=a49379619b\\\" method=\\\"post\\\" id=\\\"mc-embedded-subscribe-form\\\" name=\\\"mc-embedded-subscribe-form\\\" class=\\\"validate\\\" target=\\\"_blank\\\" novalidate=\\\"\\\">\\n<\/p>\n<div id=\\\"mc_embed_signup_scroll\\\">\\n<\/p>\n<div class=\\\"indicates-required\\\"><span class=\\\"asterisk\\\">*<\\\/span> Informations requises<\\\/div>\\n<\/p>\n<div class=\\\"mc-field-group\\\"><label for=\\\"mce-VORNAME\\\">Pr\\u00e9nom <span class=\\\"asterisk\\\">*<\\\/span> <\\\/label> <input class=\\\"uk-input\\\" type=\\\"text\\\" value=\\\"\\\" name=\\\"VORNAME\\\" id=\\\"mce-VORNAME\\\" \\\/><\\\/div>\\n<\/p>\n<div class=\\\"mc-field-group\\\"><label for=\\\"mce-NACHNAME\\\">Nom de famille <span class=\\\"asterisk\\\">*<\\\/span> <\\\/label> <input class=\\\"uk-input\\\" type=\\\"text\\\" value=\\\"\\\" name=\\\"NACHNAME\\\" id=\\\"mce-NACHNAME\\\" \\\/><\\\/div>\\n<\/p>\n<div class=\\\"mc-field-group\\\"><label for=\\\"mce-EMAIL\\\">E-Mail <span class=\\\"asterisk\\\">*<\\\/span> <\\\/label> <input class=\\\"uk-input\\\" type=\\\"email\\\" value=\\\"\\\" name=\\\"EMAIL\\\" id=\\\"mce-EMAIL\\\" \\\/><\\\/div>\\n<\/p>\n<div id=\\\"mergeRow-gdpr\\\" class=\\\"mergeRow gdpr-mergeRow content__gdprBlock mc-field-group\\\">\\n<\/p>\n<div class=\\\"content__gdpr\\\">\\n<\/p>\n<h3>D\\u00e9claration de consentement<\\\/h3>\\n<\/p>\n<p>Veuillez v\\u00e9rifier ici que nous pouvons vous envoyer des e-mails et cliquez sur le bouton d'inscription ci-dessous.<\\\/p>\\n<\/p>\n<fieldset class=\\\"mc_fieldset gdprRequired mc-field-group\\\" name=\\\"interestgroup_field\\\"><label class=\\\"checkbox subfield\\\" for=\\\"gdpr_51281\\\"><input type=\\\"checkbox\\\" id=\\\"gdpr_51281\\\" name=\\\"gdpr[51281]\\\" value=\\\"Y\\\" class=\\\"av-checkbox gdpr\\\" \\\/><span>Oui, j'attends la newsletter avec impatience<\\\/span> <\\\/label><\\\/fieldset>\\n<\/p>\n<p>Vous pourrez vous d\\u00e9sinscrire de la newsletter \\u00e0 tout moment ult\\u00e9rieurement en cliquant sur le lien de d\\u00e9sinscription que vous trouverez dans chacun de mes emails. Toutes vos donn\\u00e9es seront trait\\u00e9es avec soin et respect. De plus amples informations peuvent \\u00eatre trouv\\u00e9es dans ma <a href=\\\"https:\\\/\\\/datenschutz\\\/\\\">politique de confidentialit\\u00e9.<\\\/a><\\\/p>\\n<\\\/div>\\n<\/p>\n<div class=\\\"content__gdprLegal\\\">\\n<\/p>\n<p>Nous utilisons Mailchimp comme plateforme marketing. En cliquant ci-dessous pour vous inscrire, vous reconnaissez que vos informations seront transf\\u00e9r\\u00e9es \\u00e0 Mailchimp pour traitement. <a href=\\\"https:\\\/\\\/mailchimp.com\\\/legal\\\/\\\" target=\\\"_blank\\\" rel=\\\"noopener\\\">Apprenez-en davantage sur les pratiques de confidentialit\\u00e9 de Mailchimp ici.<\\\/a><\\\/p>\\n<\\\/div>\\n<\\\/div>\\n<\/p>\n<div id=\\\"mce-responses\\\" class=\\\"clear\\\">\\n<\/p>\n<div class=\\\"response\\\" id=\\\"mce-error-response\\\" style=\\\"display: none;\\\"><\\\/div>\\n<\/p>\n<div class=\\\"response\\\" id=\\\"mce-success-response\\\" style=\\\"display: none;\\\"><\\\/div>\\n<\\\/div>\\n<!-- real people should not fill this in and expect good things - do not remove this or risk form bot signups-->\\n<\/p>\n<div style=\\\"position: absolute; left: -5000px;\\\" aria-hidden=\\\"true\\\"><input type=\\\"text\\\" name=\\\"b_5765d2ada31f0f1d0af17600f_a49379619b\\\" value=\\\"\\\" tabindex=\\\"-1\\\" \\\/><\\\/div>\\n<\/p>\n<div class=\\\"clear\\\"><input type=\\\"submit\\\" value=\\\"Registre\\\" name=\\\"subscribe\\\" id=\\\"mc-embedded-subscribe\\\" class=\\\"uk-button uk-button-default\\\" \\\/><\\\/div>\\n<\\\/div>\\n<\\\/form><\\\/div>\\n<\/p>\n<p><script type='text\\\/javascript' src='\\\/\\\/s3.amazonaws.com\\\/downloads.mailchimp.com\\\/js\\\/mc-validate.js'><\\\/script><script type='text\\\/javascript'>(function($) {window.fnames = new Array(); window.ftypes = new Array();fnames[1]='VORNAME';ftypes[1]='text';fnames[2]='NACHNAME';ftypes[2]='text';fnames[0]='EMAIL';ftypes[0]='email'; \\\/*\\n * Translated default messages for the $ validation plugin.\\n * Locale: DE\\n *\\\/\\n$.extend($.validator.messages, {\\n\\trequired: \\\"Dieses Feld ist ein Pflichtfeld.\\\",\\n\\tmaxlength: $.validator.format(\\\"Geben Sie bitte maximal {0} Zeichen ein.\\\"),\\n\\tminlength: $.validator.format(\\\"Geben Sie bitte mindestens {0} Zeichen ein.\\\"),\\n\\trangelength: $.validator.format(\\\"Geben Sie bitte mindestens {0} und maximal {1} Zeichen ein.\\\"),\\n\\temail: \\\"Geben Sie bitte eine g\\u00fcltige E-Mail Adresse ein.\\\",\\n\\turl: \\\"Geben Sie bitte eine g\\u00fcltige URL ein.\\\",\\n\\tdate: \\\"Bitte geben Sie ein g\\u00fcltiges Datum ein.\\\",\\n\\tnumber: \\\"Geben Sie bitte eine Nummer ein.\\\",\\n\\tdigits: \\\"Geben Sie bitte nur Ziffern ein.\\\",\\n\\tequalTo: \\\"Bitte denselben Wert wiederholen.\\\",\\n\\trange: $.validator.format(\\\"Geben Sie bitten einen Wert zwischen {0} und {1}.\\\"),\\n\\tmax: $.validator.format(\\\"Geben Sie bitte einen Wert kleiner oder gleich {0} ein.\\\"),\\n\\tmin: $.validator.format(\\\"Geben Sie bitte einen Wert gr\\u00f6\\u00dfer oder gleich {0} ein.\\\"),\\n\\tcreditcard: \\\"Geben Sie bitte ein g\\u00fcltige Kreditkarten-Nummer ein.\\\"\\n});}(jQuery));var $mcj = jQuery.noConflict(true);<\\\/script><\\\/p>\\n<!--End mc_embed_signup-->\",\"margin\":\"default\",\"maxwidth\":\"2xlarge\"}}]}]}]}],\"version\":\"4.4.7\"} --><\/p>\n","protected":false},"excerpt":{"rendered":"<p>Mira Cardui Newsletter Dans la newsletter personnelle de Mira, tu recevras des informations sur la nouvelle musique, les concerts \u00e0 venir et des contenus exclusifs directement dans ta bo\u00eete de r\u00e9ception. Inscrivez-vous maintenant! * Informations requises Pr\u00e9nom * Nom de famille * E-Mail * D\u00e9claration de consentement Veuillez v\u00e9rifier ici que nous pouvons vous envoyer [&hellip;]<\/p>\n","protected":false},"author":3,"featured_media":0,"parent":0,"menu_order":0,"comment_status":"closed","ping_status":"closed","template":"","meta":{"_acf_changed":false,"footnotes":""},"class_list":["post-4831","page","type-page","status-publish","hentry"],"acf":[],"_links":{"self":[{"href":"https:\/\/miracardui.com\/fr\/wp-json\/wp\/v2\/pages\/4831","targetHints":{"allow":["GET"]}}],"collection":[{"href":"https:\/\/miracardui.com\/fr\/wp-json\/wp\/v2\/pages"}],"about":[{"href":"https:\/\/miracardui.com\/fr\/wp-json\/wp\/v2\/types\/page"}],"author":[{"embeddable":true,"href":"https:\/\/miracardui.com\/fr\/wp-json\/wp\/v2\/users\/3"}],"replies":[{"embeddable":true,"href":"https:\/\/miracardui.com\/fr\/wp-json\/wp\/v2\/comments?post=4831"}],"version-history":[{"count":0,"href":"https:\/\/miracardui.com\/fr\/wp-json\/wp\/v2\/pages\/4831\/revisions"}],"wp:attachment":[{"href":"https:\/\/miracardui.com\/fr\/wp-json\/wp\/v2\/media?parent=4831"}],"curies":[{"name":"wp","href":"https:\/\/api.w.org\/{rel}","templated":true}]}}