{"id":4825,"date":"2020-04-08T14:52:14","date_gmt":"2020-04-08T12:52:14","guid":{"rendered":"https:\/\/miracardui.com?page_id=4825"},"modified":"2024-08-19T11:13:07","modified_gmt":"2024-08-19T09:13:07","slug":"booking","status":"publish","type":"page","link":"https:\/\/miracardui.com\/fr\/booking\/","title":{"rendered":"Booking (fr)"},"content":{"rendered":"<p><img decoding=\"async\" src=\"\/wp-content\/uploads\/2020\/05\/mira_cardui_buchen-430x600.jpg\" alt=\"\"><\/p>\n<div>\n<p>Mira Cardui ne se produit pas uniquement sur des grandes sc\u00e8nes. Vous voulez l\u2019engager pour un concert priv\u00e9, une r\u00e9ception ou autre occasion ? C\u2019est tout \u00e0 fait possible ! \u00a0<a href=\"\/fr\/contact\">Contactez-nous<\/a>\u00a0afin que nous puissions ensemble planifier votre \u00e9v\u00e8nement.<\/p>\n<p>Booking &amp; Management:<br \/><a href=\"mailto:booking@miracardui.com\" target=\"_blank\" rel=\"noopener noreferrer\">booking@miracardui.com<\/a><\/p>\n<\/div>\n<div>\n<p>Inscrivez-vous \u00e0 la newsletter de Mira Cardui<\/p>\n<\/div>\n<p>\n    <a href=\"\/fr\/newsletter\/\">S\u2019inscrire<\/a>\n<\/p>\n<p><!--more--><br \/>\n<!-- {\"type\":\"layout\",\"children\":[{\"type\":\"section\",\"props\":{\"id\":\"buchen\",\"image_position\":\"center-center\",\"style\":\"default\",\"title_breakpoint\":\"xl\",\"title_position\":\"top-left\",\"title_rotation\":\"left\",\"vertical_align\":\"middle\",\"width\":\"default\"},\"children\":[{\"type\":\"row\",\"children\":[{\"type\":\"column\",\"props\":{\"image_position\":\"center-center\",\"position_sticky_breakpoint\":\"m\",\"width_medium\":\"2-5\"},\"children\":[{\"type\":\"image\",\"props\":{\"image\":\"wp-content\\\/uploads\\\/2020\\\/05\\\/mira_cardui_buchen-430x600.jpg\",\"image_svg_color\":\"emphasis\",\"margin\":\"default\"}}]},{\"type\":\"column\",\"props\":{\"image_position\":\"center-center\",\"position_sticky_breakpoint\":\"m\",\"width_medium\":\"3-5\"},\"children\":[{\"type\":\"text\",\"props\":{\"column_breakpoint\":\"m\",\"content\":\"\n\n<p>Mira Cardui ne se produit pas uniquement sur des grandes sc\\u00e8nes. Vous voulez l\\u2019engager pour un concert priv\\u00e9, une r\\u00e9ception ou autre occasion ? C\\u2019est tout \\u00e0 fait possible ! \\u00a0<a href=\\\"fr\\\/contact\\\">Contactez-nous<\\\/a>\\u00a0afin que nous puissions ensemble planifier votre \\u00e9v\\u00e8nement.<\\\/p>\\n\\n\n\n<p>Booking &amp; Management:<br \\\/><a href=\\\"mailto:booking@miracardui.com\\\" target=\\\"_blank\\\" rel=\\\"noopener noreferrer\\\">booking@miracardui.com<\\\/a><\\\/p>\",\"dropcap\":false,\"margin\":\"default\"}}]}],\"props\":{\"layout\":\"2-5,3-5\"}}]},{\"type\":\"section\",\"props\":{\"image_position\":\"center-center\",\"style\":\"secondary\",\"title_breakpoint\":\"xl\",\"title_position\":\"top-left\",\"title_rotation\":\"left\",\"vertical_align\":\"middle\",\"width\":\"default\"},\"children\":[{\"type\":\"row\",\"children\":[{\"type\":\"column\",\"props\":{\"image_position\":\"center-center\",\"position_sticky_breakpoint\":\"m\"},\"children\":[{\"type\":\"text\",\"props\":{\"column_breakpoint\":\"m\",\"content\":\"\n\n<p>Inscrivez-vous \\u00e0 la newsletter de Mira Cardui<\\\/p>\",\"margin\":\"default\",\"text_align\":\"center\"}},{\"type\":\"button\",\"props\":{\"block_align\":\"center\",\"grid_column_gap\":\"small\",\"grid_row_gap\":\"small\",\"margin\":\"medium\",\"maxwidth\":\"2xlarge\",\"text_align\":\"center\"},\"children\":[{\"type\":\"button_item\",\"props\":{\"button_style\":\"default\",\"content\":\"S\\u2019inscrire\",\"icon_align\":\"left\",\"link\":\"fr\\\/newsletter\\\/\"}}]}]}]}]}],\"version\":\"4.4.7\"} --><\/p>\n","protected":false},"excerpt":{"rendered":"<p>Mira Cardui ne se produit pas uniquement sur des grandes sc\u00e8nes. Vous voulez l\u2019engager pour un concert priv\u00e9, une r\u00e9ception ou autre occasion ? C\u2019est tout \u00e0 fait possible ! \u00a0Contactez-nous\u00a0afin que nous puissions ensemble planifier votre \u00e9v\u00e8nement. Booking &amp; Management:booking@miracardui.com Inscrivez-vous \u00e0 la newsletter de Mira Cardui S\u2019inscrire<\/p>\n","protected":false},"author":3,"featured_media":0,"parent":0,"menu_order":0,"comment_status":"closed","ping_status":"closed","template":"","meta":{"_acf_changed":false,"footnotes":""},"class_list":["post-4825","page","type-page","status-publish","hentry"],"acf":[],"_links":{"self":[{"href":"https:\/\/miracardui.com\/fr\/wp-json\/wp\/v2\/pages\/4825","targetHints":{"allow":["GET"]}}],"collection":[{"href":"https:\/\/miracardui.com\/fr\/wp-json\/wp\/v2\/pages"}],"about":[{"href":"https:\/\/miracardui.com\/fr\/wp-json\/wp\/v2\/types\/page"}],"author":[{"embeddable":true,"href":"https:\/\/miracardui.com\/fr\/wp-json\/wp\/v2\/users\/3"}],"replies":[{"embeddable":true,"href":"https:\/\/miracardui.com\/fr\/wp-json\/wp\/v2\/comments?post=4825"}],"version-history":[{"count":0,"href":"https:\/\/miracardui.com\/fr\/wp-json\/wp\/v2\/pages\/4825\/revisions"}],"wp:attachment":[{"href":"https:\/\/miracardui.com\/fr\/wp-json\/wp\/v2\/media?parent=4825"}],"curies":[{"name":"wp","href":"https:\/\/api.w.org\/{rel}","templated":true}]}}