{"id":4821,"date":"2024-08-15T13:20:56","date_gmt":"2024-08-15T11:20:56","guid":{"rendered":"https:\/\/miracardui.com?page_id=4821"},"modified":"2024-11-14T08:51:07","modified_gmt":"2024-11-14T07:51:07","slug":"startseite-fr","status":"publish","type":"page","link":"https:\/\/miracardui.com\/fr\/","title":{"rendered":"Startseite (fr)"},"content":{"rendered":"<h1>Mira Cardui<\/h1>\n<p><img decoding=\"async\" src=\"\/wp-content\/uploads\/2024\/08\/mira-cardui-pop-from-ella-to-zaz-liegend-auf-gitarre_1small.jpg\" alt=\"\"><\/p>\n<p>\n    <a href=\"\/fr\/mira\/\">Vers le profil<\/a>\n<\/p>\n<h1>Mira Cardui<\/h1>\n<p>\n    <a href=\"\/fr\/mira\/\">Vers le profil<\/a>\n<\/p>\n<div>\n<\/div>\n<div>\n<p>Quand Mira Cardui prend sa guitare et se met \u00e0 chanter, elle emm\u00e8ne ses auditeurs dans un autre monde : des portes s\u2019ouvrent et des espaces s\u2019\u00e9largissent, on est transport\u00e9 dans son monde sonore. L\u2019un des auditeurs l\u2019a d\u00e9crit comme \u00ab un voyage musical \u00bb qu\u2019on entreprend avec elle. Et ce voyage m\u00e8ne \u00e0 travers les Etats-Unis, l\u2019Angleterre, l\u2019Allemagne et vers la France, son \u00ab pays de coeur \u00bb, \u00e0 travers l\u2019espace et le temps et les genres.<\/p>\n<p>Mira puise son inspiration dans les oeuvres d\u2019artistes vari\u00e9s tels que Eva Cassidy, Zaz, Jacques Brel, Nina Simone et l\u2019exceptionnelle chanteuse de jazz Abbey Lincoln.<\/p>\n<p>Ce qui reste et porte, c\u2019est la voix incomparable de Mira, qui lui permet de lier la pop, la chanson fran\u00e7aise, le blues et le jazz avec une dext\u00e9rit\u00e9 authentique et touchante.<\/p>\n<p>Le choix de ses chansons ainsi que ses propres compositions, bien au-del\u00e0 des tendances actuelles, en disent long sur la chanteuse. Elle trouve l\u2019essence des morceaux qu\u2019elle transmet \u00e0 son public.<\/p>\n<p>L\u00e9ger comme un papillon et fin comme de la dentelle mais tout \u00e0 la fois profond et puissant, un concert de Mira Cardui est un r\u00e9gal musical qui fait r\u00eaver ses auditeurs.<\/p>\n<\/div>\n<div>\n<div class=\"videoWrapper\">\n  <iframe loading=\"lazy\" width=\"560\" height=\"315\" src=\"https:\/\/www.youtube-nocookie.com\/embed\/GqHKU75qwc4?si=0CjSNe8X6TTyERV3\" title=\"YouTube video player\" frameborder=\"0\" allow=\"accelerometer; autoplay; clipboard-write; encrypted-media; gyroscope; picture-in-picture; web-share\" referrerpolicy=\"strict-origin-when-cross-origin\" allowfullscreen><\/iframe>\n<\/div>\n<\/div>\n<h2>CONCERTS \u00c0 VENIR<\/h2>\n<table>\n<tbody>\n<tr>\n<\/tr>\n<\/tbody>\n<\/table>\n<p>\n    <a href=\"\/fr\/concerts\/\">Tous les concerts<\/a>\n<\/p>\n<ul>\n<li>\n<p>        <img decoding=\"async\" src=\"\/wp-content\/uploads\/2024\/08\/gal_start_01.jpg\" alt=\"\"><\/p>\n<h3>gal_start_01<\/h3>\n<\/li>\n<li>\n<p>        <img decoding=\"async\" src=\"\/wp-content\/uploads\/2024\/08\/gal_start_02.jpg\" alt=\"\"><\/p>\n<h3>gal_start_02<\/h3>\n<\/li>\n<li>\n<p>        <img decoding=\"async\" src=\"\/wp-content\/uploads\/2024\/08\/gal_start_03.jpg\" alt=\"\"><\/p>\n<h3>gal_start_03<\/h3>\n<\/li>\n<li>\n<p>        <img decoding=\"async\" src=\"\/wp-content\/uploads\/2024\/08\/gal_start_04.jpg\" alt=\"\"><\/p>\n<h3>gal_start_04<\/h3>\n<\/li>\n<li>\n<p>        <img decoding=\"async\" src=\"\/wp-content\/uploads\/2024\/08\/gal_start_05.jpg\" alt=\"\"><\/p>\n<h3>gal_start_05<\/h3>\n<\/li>\n<li>\n<p>        <img decoding=\"async\" src=\"\/wp-content\/uploads\/2024\/08\/gal_start_06.jpg\" alt=\"\"><\/p>\n<h3>gal_start_06<\/h3>\n<\/li>\n<\/ul>\n<p>\n    <a href=\"\/fr\/photos\/\">Plus de photos<\/a>\n<\/p>\n<div>\n<p>Inscrivez-vous \u00e0 la newsletter de Mira Cardui<\/p>\n<\/div>\n<p>\n    <a href=\"\/fr\/newsletter\/\">S\u2019inscrire<\/a>\n<\/p>\n<p><!--more--><br \/>\n<!-- {\"type\":\"layout\",\"children\":[{\"type\":\"section\",\"props\":{\"class\":\"uk-hidden@m\",\"css\":\".el-section { background: #080808; }\",\"height_offset_top\":true,\"image_position\":\"center-center\",\"image_size\":\"cover\",\"padding_remove_bottom\":true,\"style\":\"secondary\",\"title_breakpoint\":\"xl\",\"title_position\":\"top-left\",\"title_rotation\":\"left\",\"vertical_align\":\"\",\"width\":\"default\"},\"children\":[{\"type\":\"row\",\"children\":[{\"type\":\"column\",\"props\":{\"image_position\":\"center-center\",\"position_sticky_breakpoint\":\"m\"},\"children\":[{\"type\":\"headline\",\"props\":{\"content\":\"Mira Cardui\",\"text_align\":\"center\",\"title_element\":\"h1\",\"title_style\":\"heading-large\"}},{\"type\":\"image\",\"props\":{\"image\":\"wp-content\\\/uploads\\\/2024\\\/08\\\/mira-cardui-pop-from-ella-to-zaz-liegend-auf-gitarre_1small.jpg\",\"image_svg_color\":\"emphasis\",\"margin\":\"default\"}},{\"type\":\"button\",\"props\":{\"grid_column_gap\":\"small\",\"grid_row_gap\":\"small\",\"margin\":\"default\",\"text_align\":\"center\"},\"children\":[{\"type\":\"button_item\",\"props\":{\"button_style\":\"default\",\"content\":\"Vers le profil\",\"icon_align\":\"left\",\"link\":\"fr\\\/mira\\\/\"}}]}]}]}],\"name\":\"Header Mobile\"},{\"type\":\"section\",\"props\":{\"class\":\"uk-visible@m\",\"height\":\"section\",\"height_offset_top\":true,\"image\":\"wp-content\\\/uploads\\\/2024\\\/08\\\/mira-cardui-pop-from-ella-to-zaz-liegend-auf-gitarre_1.jpg\",\"image_position\":\"center-center\",\"image_size\":\"cover\",\"style\":\"default\",\"title_breakpoint\":\"xl\",\"title_position\":\"top-left\",\"title_rotation\":\"left\",\"vertical_align\":\"\",\"width\":\"default\"},\"children\":[{\"type\":\"row\",\"children\":[{\"type\":\"column\",\"props\":{\"image_position\":\"center-center\",\"position_sticky_breakpoint\":\"m\"},\"children\":[{\"type\":\"headline\",\"props\":{\"content\":\"Mira Cardui\",\"title_element\":\"h1\",\"title_style\":\"heading-large\"}},{\"type\":\"button\",\"props\":{\"grid_column_gap\":\"small\",\"grid_row_gap\":\"small\",\"margin\":\"default\"},\"children\":[{\"type\":\"button_item\",\"props\":{\"button_style\":\"default\",\"content\":\"Vers le profil\",\"icon_align\":\"left\",\"link\":\"fr\\\/mira\\\/\"}}]}]}]}],\"name\":\"Header Desktop\"},{\"type\":\"section\",\"props\":{\"css\":\".el-section { background: #080808; }\",\"image_position\":\"center-center\",\"padding\":\"small\",\"style\":\"primary\",\"title_breakpoint\":\"xl\",\"title_position\":\"top-left\",\"title_rotation\":\"left\",\"vertical_align\":\"middle\",\"width\":\"default\"},\"children\":[{\"type\":\"row\",\"children\":[{\"type\":\"column\",\"props\":{\"image_position\":\"center-center\",\"position_sticky_breakpoint\":\"m\"},\"children\":[{\"type\":\"panel-slider\",\"props\":{\"content_column_breakpoint\":\"m\",\"content_style\":\"text-lead\",\"icon_width\":\"50\",\"image_align\":\"left\",\"image_grid_breakpoint\":\"m\",\"image_grid_width\":\"auto\",\"image_svg_color\":\"emphasis\",\"link_style\":\"default\",\"link_text\":\"Read more\",\"margin\":\"default\",\"meta_align\":\"below-content\",\"meta_element\":\"div\",\"meta_margin\":\"small\",\"meta_style\":\"text-meta\",\"nav\":\"dotnav\",\"nav_align\":\"center\",\"nav_breakpoint\":\"s\",\"panel_match\":true,\"show_content\":true,\"show_image\":true,\"show_link\":false,\"show_meta\":true,\"show_title\":true,\"slidenav\":\"outside\",\"slidenav_breakpoint\":\"xl\",\"slidenav_margin\":\"medium\",\"slidenav_outside_breakpoint\":\"xl\",\"slider_autoplay\":true,\"slider_autoplay_interval\":\"5\",\"slider_autoplay_pause\":false,\"slider_center\":false,\"slider_gap\":\"default\",\"slider_sets\":true,\"slider_width\":\"fixed\",\"slider_width_default\":\"1-1\",\"slider_width_medium\":\"1-2\",\"text_align\":\"center\",\"title_align\":\"top\",\"title_element\":\"h3\",\"title_grid_breakpoint\":\"m\",\"title_grid_width\":\"1-2\",\"title_hover_style\":\"reset\"},\"children\":[{\"type\":\"panel-slider_item\",\"source\":{\"query\":{\"name\":\"posts.customPosts\",\"arguments\":{\"terms\":[41],\"category_operator\":\"IN\",\"post_tag_operator\":\"IN\",\"users\":[],\"users_operator\":\"IN\",\"offset\":0,\"limit\":10,\"order\":\"rand\",\"order_direction\":\"DESC\",\"category_include_children\":\"include\"}},\"props\":{\"meta\":{\"filters\":{\"search\":\"\"},\"name\":\"field.kundenname\"},\"content\":{\"filters\":{\"search\":\"\",\"before\":\"\"},\"name\":\"field.rezension\"}}},\"props\":{\"icon\":\"\"}}],\"name\":\"panel slider rezessionen backup\"}]}]}],\"name\":\"section rezension neu\"},{\"type\":\"section\",\"props\":{\"image\":\"wp-content\\\/uploads\\\/2020\\\/05\\\/stage_lights_purple.jpg\",\"image_position\":\"center-center\",\"image_size\":\"cover\",\"media_focal_point\":\"top-center\",\"media_overlay\":\"rgba(20, 20, 20, 0.85)\",\"style\":\"primary\",\"title_breakpoint\":\"xl\",\"title_position\":\"top-left\",\"title_rotation\":\"left\",\"vertical_align\":\"middle\",\"width\":\"default\"},\"children\":[{\"type\":\"row\",\"children\":[{\"type\":\"column\",\"props\":{\"image_position\":\"center-center\",\"position_sticky_breakpoint\":\"m\"},\"children\":[{\"type\":\"text\",\"props\":{\"block_align\":\"center\",\"column_breakpoint\":\"m\",\"content\":\"\n\n<p>Quand Mira Cardui prend sa guitare et se met \\u00e0 chanter, elle emm\\u00e8ne ses auditeurs dans un autre monde : des portes s\\u2019ouvrent et des espaces s\\u2019\\u00e9largissent, on est transport\\u00e9 dans son monde sonore. L\\u2019un des auditeurs l\\u2019a d\\u00e9crit comme \\u00ab un voyage musical \\u00bb qu\\u2019on entreprend avec elle. Et ce voyage m\\u00e8ne \\u00e0 travers les Etats-Unis, l\\u2019Angleterre, l\\u2019Allemagne et vers la France, son \\u00ab pays de coeur \\u00bb, \\u00e0 travers l\\u2019espace et le temps et les genres.<\\\/p>\\n\n\n<p>Mira puise son inspiration dans les oeuvres d\\u2019artistes vari\\u00e9s tels que Eva Cassidy, Zaz, Jacques Brel, Nina Simone et l\\u2019exceptionnelle chanteuse de jazz Abbey Lincoln.<\\\/p>\\n\n\n<p>Ce qui reste et porte, c\\u2019est la voix incomparable de Mira, qui lui permet de lier la pop, la chanson fran\\u00e7aise, le blues et le jazz avec une dext\\u00e9rit\\u00e9 authentique et touchante.<\\\/p>\\n\n\n<p>Le choix de ses chansons ainsi que ses propres compositions, bien au-del\\u00e0 des tendances actuelles, en disent long sur la chanteuse. Elle trouve l\\u2019essence des morceaux qu\\u2019elle transmet \\u00e0 son public.<\\\/p>\\n\n\n<p>L\\u00e9ger comme un papillon et fin comme de la dentelle mais tout \\u00e0 la fois profond et puissant, un concert de Mira Cardui est un r\\u00e9gal musical qui fait r\\u00eaver ses auditeurs.<\\\/p>\",\"margin\":\"default\",\"text_align\":\"center\"}}]}]},{\"type\":\"row\",\"props\":{\"margin\":\"xlarge\"},\"children\":[{\"type\":\"column\",\"props\":{\"image_position\":\"center-center\",\"position_sticky_breakpoint\":\"m\"},\"children\":[{\"type\":\"html\",\"props\":{\"content\":\"\n\n<div class=\\\"videoWrapper\\\">\\n  <iframe width=\\\"560\\\" height=\\\"315\\\" src=\\\"https:\\\/\\\/www.youtube-nocookie.com\\\/embed\\\/GqHKU75qwc4?si=0CjSNe8X6TTyERV3\\\" title=\\\"YouTube video player\\\" frameborder=\\\"0\\\" allow=\\\"accelerometer; autoplay; clipboard-write; encrypted-media; gyroscope; picture-in-picture; web-share\\\" referrerpolicy=\\\"strict-origin-when-cross-origin\\\" allowfullscreen><\\\/iframe>\\n<\\\/div>\"}}]}]},{\"type\":\"row\",\"children\":[{\"type\":\"column\",\"props\":{\"image_position\":\"center-center\",\"position_sticky_breakpoint\":\"m\"},\"children\":[{\"type\":\"headline\",\"props\":{\"content\":\"CONCERTS \\u00c0 VENIR\",\"text_align\":\"center\",\"title_element\":\"h2\"}},{\"type\":\"fs_table\",\"props\":{\"block_align\":\"center\",\"description_limit_length\":\"80\",\"description_margin\":\"remove\",\"description_style\":\"text-small\",\"enable_datatables\":false,\"image_height\":\"60\",\"image_svg_color\":\"emphasis\",\"image_width\":\"60\",\"link_size\":\"small\",\"link_style\":\"text\",\"link_text\":\"En savoir plus\",\"margin\":\"large\",\"maxwidth\":\"2xlarge\",\"show_datatables_settings\":\"all\",\"show_description\":true,\"show_element_settings\":\"all\",\"show_image\":false,\"show_link\":true,\"show_table_content\":false,\"show_table_meta\":false,\"show_table_title\":false,\"show_text_1\":true,\"show_text_2\":true,\"show_text_3\":false,\"show_text_4\":false,\"show_text_5\":false,\"show_text_6\":false,\"show_text_7\":false,\"show_text_8\":false,\"show_text_9\":false,\"show_title\":true,\"table_content_column_breakpoint\":\"m\",\"table_content_limit_length\":\"80\",\"table_content_margin\":\"small\",\"table_content_style\":\"text-small\",\"table_datatables_defer_render\":false,\"table_datatables_filter\":true,\"table_datatables_filter_dropdown_limit\":\"0\",\"table_datatables_filter_dropdown_width\":\"100\",\"table_datatables_filter_link\":true,\"table_datatables_filter_placeholder\":\"col-name\",\"table_datatables_filter_position\":\"footer\",\"table_datatables_filter_text_1\":true,\"table_datatables_filter_text_2\":true,\"table_datatables_filter_text_3\":true,\"table_datatables_filter_text_4\":true,\"table_datatables_filter_text_5\":true,\"table_datatables_filter_text_6\":true,\"table_datatables_filter_text_7\":true,\"table_datatables_filter_text_8\":true,\"table_datatables_filter_text_9\":true,\"table_datatables_filter_title\":true,\"table_datatables_fixed_footer\":false,\"table_datatables_fixed_footer_offset\":0,\"table_datatables_fixed_header\":false,\"table_datatables_fixed_header_offset\":0,\"table_datatables_info\":true,\"table_datatables_lengthChange\":true,\"table_datatables_ordering\":true,\"table_datatables_pageLength\":\"10\",\"table_datatables_paging\":true,\"table_datatables_save_state\":false,\"table_datatables_search\":true,\"table_datatables_sorting_default\":\"title\",\"table_datatables_sorting_default_order\":\"asc\",\"table_datatables_sorting_image\":false,\"table_datatables_sticky\":false,\"table_datatables_translation_filter_all\":\"All\",\"table_datatables_translation_filter_checkbox_false\":\"No\",\"table_datatables_translation_filter_checkbox_true\":\"Yes\",\"table_datatables_translation_info\":\"Showing page _PAGE_ of _PAGES_\",\"table_datatables_translation_infoEmpty\":\"No records available\",\"table_datatables_translation_infoFiltered\":\"(filtered from _MAX_ total records)\",\"table_datatables_translation_lengthMenu\":\"Display _MENU_ records per page\",\"table_datatables_translation_pagination_next\":\"Next\",\"table_datatables_translation_pagination_previous\":\"Previous\",\"table_datatables_translation_search\":\"Search\",\"table_datatables_translation_zeroRecords\":\"Nothing found - sorry\",\"table_head_image\":\"Image\",\"table_head_link\":\"Link\",\"table_head_text_1\":\"Ville\",\"table_head_text_2\":\"Lieu\",\"table_head_text_3\":\"Text 3\",\"table_head_text_4\":\"Text 4\",\"table_head_text_5\":\"Text 5\",\"table_head_text_6\":\"Text 6\",\"table_head_text_7\":\"Text 7\",\"table_head_text_8\":\"Text 8\",\"table_head_text_9\":\"Text 9\",\"table_head_title\":\"Date\",\"table_justify\":true,\"table_meta_color\":\"primary\",\"table_meta_decoration\":\"divider\",\"table_meta_element\":\"div\",\"table_meta_limit_length\":\"80\",\"table_meta_margin\":\"remove\",\"table_meta_position\":\"below-table-title\",\"table_meta_style\":\"h3\",\"table_order\":\"4\",\"table_responsive\":\"responsive\",\"table_size\":\"\",\"table_style\":\"divider\",\"table_title_element\":\"h2\",\"table_title_grid_breakpoint\":\"m\",\"table_title_grid_width\":\"1-2\",\"table_title_limit_length\":\"80\",\"table_title_position\":\"top\",\"table_vertical_align\":true,\"table_width_image\":\"shrink\",\"table_width_image_custom\":\"100\",\"table_width_link\":\"shrink\",\"table_width_link_custom\":\"100\",\"table_width_text_1\":\"shrink\",\"table_width_text_1_custom\":\"100\",\"table_width_text_2\":\"shrink\",\"table_width_text_2_custom\":\"100\",\"table_width_text_3\":\"shrink\",\"table_width_text_3_custom\":\"100\",\"table_width_text_4\":\"shrink\",\"table_width_text_4_custom\":\"100\",\"table_width_text_5\":\"shrink\",\"table_width_text_5_custom\":\"100\",\"table_width_text_6\":\"shrink\",\"table_width_text_6_custom\":\"100\",\"table_width_text_7\":\"shrink\",\"table_width_text_7_custom\":\"100\",\"table_width_text_8\":\"shrink\",\"table_width_text_8_custom\":\"100\",\"table_width_text_9\":\"shrink\",\"table_width_text_9_custom\":\"100\",\"table_width_title\":\"\",\"table_width_title_custom\":\"100\",\"text_1_align\":\"left\",\"text_1_limit_length\":\"10\",\"text_1_style\":\"\",\"text_2_align\":\"left\",\"text_2_limit_length\":\"20\",\"text_2_style\":\"\",\"text_3_align\":\"center\",\"text_3_limit_length\":\"30\",\"text_3_style\":\"h5\",\"text_4_align\":\"center\",\"text_4_limit_length\":\"40\",\"text_4_style\":\"h5\",\"text_5_align\":\"center\",\"text_5_limit_length\":\"50\",\"text_5_style\":\"h5\",\"text_6_align\":\"center\",\"text_6_limit_length\":\"60\",\"text_6_style\":\"h5\",\"text_7_align\":\"center\",\"text_7_limit_length\":\"70\",\"text_7_style\":\"h5\",\"text_8_align\":\"center\",\"text_8_limit_length\":\"80\",\"text_8_style\":\"h5\",\"text_9_align\":\"center\",\"text_9_limit_length\":\"80\",\"text_9_style\":\"h5\",\"title_limit_length\":\"80\",\"title_style\":\"text-lead\"},\"children\":[{\"type\":\"fs_table_item\",\"props\":{\"label_custom_color\":\"#000000\",\"link_text\":\"En savoir plus\"},\"source\":{\"query\":{\"name\":\"posts.customPosts\",\"arguments\":{\"terms\":[42],\"category_operator\":\"IN\",\"post_tag_operator\":\"IN\",\"users\":[],\"users_operator\":\"IN\",\"offset\":0,\"limit\":5,\"order\":\"field:datum\",\"order_direction\":\"ASC\"}},\"props\":{\"title\":{\"filters\":{\"search\":\"\",\"date\":\"\"},\"name\":\"field.datum\"},\"description\":{\"filters\":{\"search\":\"\",\"limit\":250},\"name\":\"field.beschreibung\"},\"text_1\":{\"filters\":{\"search\":\"\"},\"name\":\"field.stadt\"},\"text_2\":{\"filters\":{\"search\":\"\"},\"name\":\"field.veranstaltungsort\"},\"link\":{\"filters\":{\"search\":\"\"},\"name\":\"link\"}}}}]},{\"type\":\"button\",\"props\":{\"block_align\":\"center\",\"grid_column_gap\":\"small\",\"grid_row_gap\":\"small\",\"margin\":\"large\",\"maxwidth\":\"2xlarge\",\"text_align\":\"center\"},\"children\":[{\"type\":\"button_item\",\"props\":{\"button_style\":\"text\",\"content\":\"Tous les concerts\",\"icon_align\":\"left\",\"link\":\"fr\\\/concerts\\\/\"}}]}]}]}]},{\"type\":\"section\",\"props\":{\"image_position\":\"center-center\",\"padding_remove_top\":true,\"style\":\"primary\",\"title_breakpoint\":\"xl\",\"title_position\":\"top-left\",\"title_rotation\":\"left\",\"vertical_align\":\"middle\",\"width\":\"\"},\"children\":[{\"type\":\"row\",\"children\":[{\"type\":\"column\",\"props\":{\"image_position\":\"center-center\",\"position_sticky_breakpoint\":\"m\"},\"children\":[{\"type\":\"gallery\",\"props\":{\"filter_align\":\"left\",\"filter_all\":true,\"filter_grid_breakpoint\":\"m\",\"filter_grid_width\":\"auto\",\"filter_position\":\"top\",\"filter_style\":\"tab\",\"grid_column_align\":true,\"grid_column_gap\":\"collapse\",\"grid_default\":\"2\",\"grid_medium\":\"\",\"grid_parallax_justify\":false,\"grid_row_align\":true,\"grid_row_gap\":\"collapse\",\"grid_small\":\"3\",\"image_orientation\":false,\"image_transition\":\"scale-up\",\"item_animation\":true,\"lightbox\":true,\"link_style\":\"default\",\"link_text\":\"\",\"margin\":\"large\",\"meta_align\":\"below-title\",\"meta_element\":\"div\",\"meta_style\":\"text-meta\",\"overlay_hover\":false,\"overlay_link\":true,\"overlay_mode\":\"cover\",\"overlay_position\":\"center\",\"overlay_style\":\"overlay-primary\",\"overlay_transition\":\"fade\",\"show_content\":true,\"show_hover_image\":true,\"show_hover_video\":true,\"show_link\":true,\"show_meta\":true,\"show_title\":false,\"text_align\":\"center\",\"text_color\":\"\",\"title_element\":\"h3\",\"title_hover_style\":\"reset\"},\"children\":[{\"type\":\"gallery_item\",\"props\":{\"image\":\"wp-content\\\/uploads\\\/2024\\\/08\\\/gal_start_01.jpg\",\"title\":\"gal_start_01\"}},{\"type\":\"gallery_item\",\"props\":{\"image\":\"wp-content\\\/uploads\\\/2024\\\/08\\\/gal_start_02.jpg\",\"title\":\"gal_start_02\"}},{\"type\":\"gallery_item\",\"props\":{\"image\":\"wp-content\\\/uploads\\\/2024\\\/08\\\/gal_start_03.jpg\",\"title\":\"gal_start_03\"}},{\"type\":\"gallery_item\",\"props\":{\"image\":\"wp-content\\\/uploads\\\/2024\\\/08\\\/gal_start_04.jpg\",\"title\":\"gal_start_04\"}},{\"type\":\"gallery_item\",\"props\":{\"image\":\"wp-content\\\/uploads\\\/2024\\\/08\\\/gal_start_05.jpg\",\"title\":\"gal_start_05\"}},{\"type\":\"gallery_item\",\"props\":{\"image\":\"wp-content\\\/uploads\\\/2024\\\/08\\\/gal_start_06.jpg\",\"title\":\"gal_start_06\"}}]},{\"type\":\"button\",\"props\":{\"block_align\":\"center\",\"grid_column_gap\":\"small\",\"grid_row_gap\":\"small\",\"margin\":\"default\",\"maxwidth\":\"2xlarge\",\"text_align\":\"center\"},\"children\":[{\"type\":\"button_item\",\"props\":{\"button_style\":\"text\",\"content\":\"Plus de photos\",\"icon_align\":\"left\",\"link\":\"fr\\\/photos\\\/\"}}]}]}]}]},{\"type\":\"section\",\"props\":{\"image_position\":\"center-center\",\"style\":\"secondary\",\"title_breakpoint\":\"xl\",\"title_position\":\"top-left\",\"title_rotation\":\"left\",\"vertical_align\":\"middle\",\"width\":\"default\"},\"children\":[{\"type\":\"row\",\"children\":[{\"type\":\"column\",\"props\":{\"image_position\":\"center-center\",\"position_sticky_breakpoint\":\"m\"},\"children\":[{\"type\":\"text\",\"props\":{\"column_breakpoint\":\"m\",\"content\":\"\n\n<p>Inscrivez-vous \\u00e0 la newsletter de Mira Cardui<\\\/p>\",\"margin\":\"default\",\"text_align\":\"center\"}},{\"type\":\"button\",\"props\":{\"block_align\":\"center\",\"grid_column_gap\":\"small\",\"grid_row_gap\":\"small\",\"margin\":\"medium\",\"maxwidth\":\"2xlarge\",\"text_align\":\"center\"},\"children\":[{\"type\":\"button_item\",\"props\":{\"button_style\":\"default\",\"content\":\"S\\u2019inscrire\",\"icon_align\":\"left\",\"link\":\"fr\\\/newsletter\\\/\"}}]}]}]}]}],\"version\":\"4.4.9\"} --><\/p>\n","protected":false},"excerpt":{"rendered":"<p>Mira Cardui Vers le profil Mira Cardui Vers le profil Quand Mira Cardui prend sa guitare et se met \u00e0 chanter, elle emm\u00e8ne ses auditeurs dans un autre monde : des portes s\u2019ouvrent et des espaces s\u2019\u00e9largissent, on est transport\u00e9 dans son monde sonore. L\u2019un des auditeurs l\u2019a d\u00e9crit comme \u00ab un voyage musical \u00bb [&hellip;]<\/p>\n","protected":false},"author":3,"featured_media":0,"parent":0,"menu_order":0,"comment_status":"closed","ping_status":"closed","template":"","meta":{"_acf_changed":false,"footnotes":""},"class_list":["post-4821","page","type-page","status-publish","hentry"],"acf":[],"_links":{"self":[{"href":"https:\/\/miracardui.com\/fr\/wp-json\/wp\/v2\/pages\/4821","targetHints":{"allow":["GET"]}}],"collection":[{"href":"https:\/\/miracardui.com\/fr\/wp-json\/wp\/v2\/pages"}],"about":[{"href":"https:\/\/miracardui.com\/fr\/wp-json\/wp\/v2\/types\/page"}],"author":[{"embeddable":true,"href":"https:\/\/miracardui.com\/fr\/wp-json\/wp\/v2\/users\/3"}],"replies":[{"embeddable":true,"href":"https:\/\/miracardui.com\/fr\/wp-json\/wp\/v2\/comments?post=4821"}],"version-history":[{"count":0,"href":"https:\/\/miracardui.com\/fr\/wp-json\/wp\/v2\/pages\/4821\/revisions"}],"wp:attachment":[{"href":"https:\/\/miracardui.com\/fr\/wp-json\/wp\/v2\/media?parent=4821"}],"curies":[{"name":"wp","href":"https:\/\/api.w.org\/{rel}","templated":true}]}}